{"id":4594,"date":"2014-11-21T10:34:23","date_gmt":"2014-11-21T10:34:23","guid":{"rendered":"http:\/\/www.advocard.de\/streitlotse\/?page_id=4594"},"modified":"2023-04-04T11:22:40","modified_gmt":"2023-04-04T10:22:40","slug":"anmelden","status":"publish","type":"page","link":"https:\/\/www.advocard.de\/streitlotse\/anmelden\/","title":{"rendered":"Jetzt anmelden"},"content":{"rendered":"<div class=\"newsletter-page\">\n<div class=\"col-left\">\n<p>Melde dich hier mit deiner E-Mail-Adresse an und abonniere den Newsletter des Streitlotsen. Einmal im Monat erh\u00e4ltst du so hilfreiche Rechtstipps f\u00fcr den Alltag, das Neueste von ADVOCARD und wichtige rechtliche Hintergrundinformationen.<\/p>\n<p>Mit dem Newsletter von ADVOCARD verpasst du nichts mehr. Der Service ist f\u00fcr dich kostenlos und vollkommen unverbindlich.<\/p>\n<p>Mit deiner Anmeldung zum Newsletter-Versand gestattest du uns auch, dein Nutzungsverhalten im Hinblick auf erhaltene E-Mails durch eine nicht personalisierte Messung und Auswertung von \u00d6ffnung und Klicks zu analysieren. Diese Informationen nutzen wir, um zuk\u00fcnftige Mails f\u00fcr alle Interessenten entsprechend zu gestalten.<\/p>\n<p>Du kannst dich jederzeit mit Wirkung f\u00fcr die Zukunft \u00fcber den in jedem Newsletter enthaltenen Link vom Versand abmelden. Der Newsletter-Versand erfolgt entsprechend unserer <a title href=\"https:\/\/www.advocard.de\/datenschutz\/\" target=\"_blank\" rel=\"noopener\">Datenschutzerkl\u00e4rung<\/a> zum Newsletter.<\/p>\n<\/div>\n<div class=\"col-right\">\n<form class=\"layout_form cr_form cr_font\" action=\"https:\/\/eu1.cleverreach.com\/f\/174423-206753\/wcs\/\" method=\"post\">\n<div class=\"cr_body cr_page cr_font formbox\">\n<div class=\"non_sortable\" style=\"text-align: left;\"><\/div>\n<div class=\"editable_content\" style=\"text-align: left;\">\n<div id=\"4371190\" class=\"cr_ipe_item ui-sortable musthave\" style=\"margin-bottom: px;\"><input id=\"text4371190\" name=\"email\" type=\"text\" value placeholder=\"E-Mail:\"><\/div>\n<div id=\"4371192\" class=\"cr_ipe_item ui-sortable submit_container\" style=\"text-align: left; margin-bottom: px;\"><button class=\"cr_button\" type=\"submit\">REGISTRIEREN<\/button><\/div>\n<\/div>\n<\/div>\n<\/form>\n<\/div>\n<\/div>\n","protected":false},"excerpt":{"rendered":"<p>Melde dich hier mit deiner E-Mail-Adresse an und abonniere den Newsletter des Streitlotsen. Einmal im Monat erh\u00e4ltst du so hilfreiche Rechtstipps f\u00fcr den Alltag, das Neueste von ADVOCARD und wichtige rechtliche Hintergrundinformationen. Mit dem Newsletter von ADVOCARD verpasst du nichts mehr. Der Service ist f\u00fcr dich kostenlos und vollkommen unverbindlich. Mit deiner Anmeldung zum Newsletter-Versand [\u2026]<\/p>\n","protected":false},"author":1,"featured_media":0,"parent":0,"menu_order":0,"comment_status":"open","ping_status":"open","template":"","meta":{"_acf_changed":false,"wp_typography_post_enhancements_disabled":false,"footnotes":""},"acf":[],"_links":{"self":[{"href":"https:\/\/www.advocard.de\/streitlotse\/wp-json\/wp\/v2\/pages\/4594"}],"collection":[{"href":"https:\/\/www.advocard.de\/streitlotse\/wp-json\/wp\/v2\/pages"}],"about":[{"href":"https:\/\/www.advocard.de\/streitlotse\/wp-json\/wp\/v2\/types\/page"}],"author":[{"embeddable":true,"href":"https:\/\/www.advocard.de\/streitlotse\/wp-json\/wp\/v2\/users\/1"}],"replies":[{"embeddable":true,"href":"https:\/\/www.advocard.de\/streitlotse\/wp-json\/wp\/v2\/comments?post=4594"}],"version-history":[{"count":11,"href":"https:\/\/www.advocard.de\/streitlotse\/wp-json\/wp\/v2\/pages\/4594\/revisions"}],"predecessor-version":[{"id":24543,"href":"https:\/\/www.advocard.de\/streitlotse\/wp-json\/wp\/v2\/pages\/4594\/revisions\/24543"}],"wp:attachment":[{"href":"https:\/\/www.advocard.de\/streitlotse\/wp-json\/wp\/v2\/media?parent=4594"}],"curies":[{"name":"wp","href":"https:\/\/api.w.org\/{rel}","templated":true}]}}