{"id":174,"date":"2014-08-11T13:32:05","date_gmt":"2014-08-11T13:32:05","guid":{"rendered":"http:\/\/www.advocard.de\/streitlotse\/?page_id=174"},"modified":"2024-08-15T10:10:52","modified_gmt":"2024-08-15T08:10:52","slug":"kontakt","status":"publish","type":"page","link":"https:\/\/www.advocard.de\/streitlotse\/kontakt\/","title":{"rendered":"Kontakt"},"content":{"rendered":"<p><strong style=\"font-size: larger;\">Hier erreichen Sie ausschlie\u00dflich das Redaktionsteam vom Online-Magazin Streitlotse und dem Streitlotse-Newsletter. Wir freuen uns \u00fcber Fragen, Anregungen, Lob und Kritik.<br>\n<\/strong><\/p>\n<p><strong style=\"font-size: larger;\">Bei Fragen zur ADVOCARD-Rechtsschutzversicherung, nutzen Sie bitte das <a href=\"https:\/\/www.advocard.de\/kontakt\/kontaktformular\/\" target=\"_blank\" rel=\"noopener\">ADVOCARD-Kontaktformular<\/a>.<\/strong><\/p>\n\n<div class=\"wpcf7 no-js\" id=\"wpcf7-f173-o1\" lang=\"en-US\" dir=\"ltr\">\n<div class=\"screen-reader-response\"><p role=\"status\" aria-live=\"polite\" aria-atomic=\"true\"><\/p> <ul><\/ul><\/div>\n<form action=\"\/streitlotse\/wp-json\/wp\/v2\/pages\/174#wpcf7-f173-o1\" method=\"post\" class=\"wpcf7-form init contact-form\" aria-label=\"Contact form\" novalidate=\"novalidate\" data-status=\"init\">\n<div style=\"display: none;\">\n<input type=\"hidden\" name=\"_wpcf7\" value=\"173\">\n<input type=\"hidden\" name=\"_wpcf7_version\" value=\"5.9.2\">\n<input type=\"hidden\" name=\"_wpcf7_locale\" value=\"en_US\">\n<input type=\"hidden\" name=\"_wpcf7_unit_tag\" value=\"wpcf7-f173-o1\">\n<input type=\"hidden\" name=\"_wpcf7_container_post\" value=\"0\">\n<input type=\"hidden\" name=\"_wpcf7_posted_data_hash\" value>\n<\/div>\n<div class=\"form-group\">\n\t<p><label for=\"your-name\">Name *<\/label><br>\n<span class=\"wpcf7-form-control-wrap\" data-name=\"your-name\"><input size=\"40\" class=\"wpcf7-form-control wpcf7-text wpcf7-validates-as-required\" aria-required=\"true\" aria-invalid=\"false\" placeholder=\"Ihr Name\" value type=\"text\" name=\"your-name\"><\/span>\n\t<\/p>\n<\/div>\n<div class=\"form-group\">\n\t<p><label for=\"email\">E-Mail *<\/label><br>\n<span class=\"wpcf7-form-control-wrap\" data-name=\"email\"><input size=\"40\" class=\"wpcf7-form-control wpcf7-email wpcf7-validates-as-required wpcf7-text wpcf7-validates-as-email\" aria-required=\"true\" aria-invalid=\"false\" placeholder=\"Ihre Email-Adresse\" value type=\"email\" name=\"email\"><\/span>\n\t<\/p>\n<\/div>\n<div class=\"form-group\">\n\t<p><label for=\"tel\">Telefonnummer *<\/label><br>\n<span class=\"wpcf7-form-control-wrap\" data-name=\"Telefonnummer\"><input size=\"40\" class=\"wpcf7-form-control wpcf7-tel wpcf7-validates-as-required wpcf7-text wpcf7-validates-as-tel\" aria-required=\"true\" aria-invalid=\"false\" placeholder=\"Ihre Telefonnummer\" value type=\"tel\" name=\"Telefonnummer\"><\/span>\n\t<\/p>\n<\/div>\n<div class=\"form-group\">\n\t<p><label for=\"subject\">Betreff *<\/label><br>\n<span class=\"wpcf7-form-control-wrap\" data-name=\"subject\"><input size=\"40\" class=\"wpcf7-form-control wpcf7-text wpcf7-validates-as-required\" aria-required=\"true\" aria-invalid=\"false\" placeholder=\"Betreff\" value type=\"text\" name=\"subject\"><\/span>\n\t<\/p>\n<\/div>\n<div class=\"form-group\">\n\t<p><label for=\"message\">Ihre Nachricht *<\/label><br>\n<span class=\"wpcf7-form-control-wrap\" data-name=\"message\"><textarea cols=\"40\" rows=\"10\" class=\"wpcf7-form-control wpcf7-textarea wpcf7-validates-as-required\" aria-required=\"true\" aria-invalid=\"false\" placeholder=\"Geben Sie hier Ihre Nachricht ein\" name=\"message\"><\/textarea><\/span>\n\t<\/p>\n<\/div>\n<div class=\"form-group\">\n\t<p>Damit wir sicher gehen, dass Sie keine Maschinen sind, geben Sie bitte die folgenden Zeichen in das Eingabefeld ein*.\n\t<\/p>\n\t<div class=\"form-group__captcha\">\n\t\t<p><input type=\"hidden\" name=\"_wpcf7_captcha_challenge_captcha-72\" value=\"2317385821\"><img loading=\"lazy\" decoding=\"async\" class=\"wpcf7-form-control wpcf7-captchac wpcf7-captcha-captcha-72\" width=\"72\" height=\"24\" alt=\"captcha\" src=\"https:\/\/www.advocard.de\/streitlotse\/wp-content\/uploads\/wpcf7_captcha\/2317385821.png\"><br>\n<span class=\"wpcf7-form-control-wrap\" data-name=\"captcha-72\"><input size=\"40\" class=\"wpcf7-form-control wpcf7-captchar\" autocomplete=\"off\" aria-invalid=\"false\" value type=\"text\" name=\"captcha-72\"><\/span>\n\t\t<\/p>\n\t<\/div>\n<\/div>\n<div class=\"form-actions\">\n\t<p><input class=\"wpcf7-form-control wpcf7-submit has-spinner\" type=\"submit\" value=\"Send\">\n\t<\/p>\n<\/div><div class=\"wpcf7-response-output\" aria-hidden=\"true\"><\/div>\n<\/form>\n<\/div>\n\n<p>*Pflichtfelder<\/p>\n<p>Bitte beachten Sie unsere&nbsp;<a href=\"https:\/\/www.advocard.de\/datenschutz\/\" target=\"_blank\" rel=\"noopener\">Hinweise zum Schutz Ihrer pers\u00f6nlichen Daten<\/a>.<\/p>\n<p>Die von Ihnen eingegebenen Daten werden entsprechend den Eingabefeldern zum Zweck der Bearbeitung Ihres oben genannten Anliegens gespeichert, verarbeitet und genutzt. Diese Erkl\u00e4rung k\u00f6nnen Sie jederzeit ohne Angabe von Gr\u00fcnden unter ADVOCARD Rechtsschutzversicherung, Besenbinderhof 43, 20097 Hamburg,&nbsp;<a href=\"mailto:nachricht@advocard.de\">nachricht@advocard.de<\/a>, 040 237310, mit Wirkung f\u00fcr die Zukunft widerrufen. Der Widerruf \u00e4ndert nichts an der Rechtm\u00e4\u00dfigkeit der Datenverarbeitung, die bereits vor Zugang Ihres Widerrufs durchgef\u00fchrt wurde. Wenn Sie die Einwilligung nicht erteilen oder vor Bearbeitung Ihres Anliegens widerrufen, kann Ihre Anfrage auf diesem Wege nicht beantwortet werden. Ihre Formulardaten werden selbstverst\u00e4ndlich verschl\u00fcsselt \u00fcbermittelt. Weitere Informationen entnehmen Sie bitte unseren&nbsp;<a href=\"https:\/\/www.advocard.de\/datenschutz\/\" target=\"_blank\" rel=\"noopener\">Datenschutzhinweisen<\/a>.<\/p>\n<p><strong>Mit dem Absenden erkl\u00e4ren Sie Ihr Einverst\u00e4ndnis mit der genannten Verwendung der Daten.<\/strong><\/p>\n","protected":false},"excerpt":{"rendered":"<p>Hier erreichen Sie ausschlie\u00dflich das Redaktionsteam vom Online-Magazin Streitlotse und dem Streitlotse-Newsletter. Wir freuen uns \u00fcber Fragen, Anregungen, Lob und Kritik. Bei Fragen zur ADVOCARD-Rechtsschutzversicherung, nutzen Sie bitte das ADVOCARD-Kontaktformular. *Pflichtfelder Bitte beachten Sie unsere&nbsp;Hinweise zum Schutz Ihrer pers\u00f6nlichen Daten. Die von Ihnen eingegebenen Daten werden entsprechend den Eingabefeldern zum Zweck der Bearbeitung Ihres oben [\u2026]<\/p>\n","protected":false},"author":1,"featured_media":0,"parent":0,"menu_order":0,"comment_status":"open","ping_status":"open","template":"","meta":{"_acf_changed":false,"wp_typography_post_enhancements_disabled":false,"footnotes":""},"acf":[],"_links":{"self":[{"href":"https:\/\/www.advocard.de\/streitlotse\/wp-json\/wp\/v2\/pages\/174"}],"collection":[{"href":"https:\/\/www.advocard.de\/streitlotse\/wp-json\/wp\/v2\/pages"}],"about":[{"href":"https:\/\/www.advocard.de\/streitlotse\/wp-json\/wp\/v2\/types\/page"}],"author":[{"embeddable":true,"href":"https:\/\/www.advocard.de\/streitlotse\/wp-json\/wp\/v2\/users\/1"}],"replies":[{"embeddable":true,"href":"https:\/\/www.advocard.de\/streitlotse\/wp-json\/wp\/v2\/comments?post=174"}],"version-history":[{"count":18,"href":"https:\/\/www.advocard.de\/streitlotse\/wp-json\/wp\/v2\/pages\/174\/revisions"}],"predecessor-version":[{"id":25392,"href":"https:\/\/www.advocard.de\/streitlotse\/wp-json\/wp\/v2\/pages\/174\/revisions\/25392"}],"wp:attachment":[{"href":"https:\/\/www.advocard.de\/streitlotse\/wp-json\/wp\/v2\/media?parent=174"}],"curies":[{"name":"wp","href":"https:\/\/api.w.org\/{rel}","templated":true}]}}